{"id":410,"date":"2014-09-22T03:51:48","date_gmt":"2014-09-22T03:51:48","guid":{"rendered":"http:\/\/globalroom-biz.isabelvalle.com\/?page_id=410"},"modified":"2024-07-10T16:37:38","modified_gmt":"2024-07-10T16:37:38","slug":"training-and-facilitation-services-bangkok-thailand-global","status":"publish","type":"page","link":"https:\/\/isabelvalle.com\/es\/training-and-facilitation-services-bangkok-thailand-global\/","title":{"rendered":"FORMACION PROFESIONAL"},"content":{"rendered":"<div style=\"height:52px\" aria-hidden=\"true\" class=\"wp-block-spacer\"><\/div>\n\n\n\n<figure class=\"wp-block-image size-large is-resized\"><img data-recalc-dims=\"1\" fetchpriority=\"high\" decoding=\"async\" width=\"640\" height=\"360\" src=\"https:\/\/i0.wp.com\/isabelvalle.com\/wp-content\/uploads\/2024\/04\/training-facilitation-1.png?resize=640%2C360&#038;ssl=1\" alt=\"\" class=\"wp-image-2918\" style=\"width:1316px;height:auto\" srcset=\"https:\/\/i0.wp.com\/isabelvalle.com\/wp-content\/uploads\/2024\/04\/training-facilitation-1.png?resize=1024%2C576&amp;ssl=1 1024w, https:\/\/i0.wp.com\/isabelvalle.com\/wp-content\/uploads\/2024\/04\/training-facilitation-1.png?resize=533%2C300&amp;ssl=1 533w, https:\/\/i0.wp.com\/isabelvalle.com\/wp-content\/uploads\/2024\/04\/training-facilitation-1.png?resize=768%2C432&amp;ssl=1 768w, https:\/\/i0.wp.com\/isabelvalle.com\/wp-content\/uploads\/2024\/04\/training-facilitation-1.png?resize=1536%2C864&amp;ssl=1 1536w, https:\/\/i0.wp.com\/isabelvalle.com\/wp-content\/uploads\/2024\/04\/training-facilitation-1.png?resize=2048%2C1152&amp;ssl=1 2048w, https:\/\/i0.wp.com\/isabelvalle.com\/wp-content\/uploads\/2024\/04\/training-facilitation-1.png?resize=18%2C10&amp;ssl=1 18w, https:\/\/i0.wp.com\/isabelvalle.com\/wp-content\/uploads\/2024\/04\/training-facilitation-1.png?w=1280&amp;ssl=1 1280w, https:\/\/i0.wp.com\/isabelvalle.com\/wp-content\/uploads\/2024\/04\/training-facilitation-1.png?w=1920&amp;ssl=1 1920w\" sizes=\"(max-width: 640px) 100vw, 640px\" \/><\/figure>\n\n\n\n<p><\/p>\n\n\n\n<h3 class=\"wp-block-heading\">En Isabel Valle, creemos en el poder de la facilitaci\u00f3n para impulsar cambios significativos y lograr objetivos colectivos. Nuestros servicios de formaci\u00f3n y facilitaci\u00f3n est\u00e1n dise\u00f1ados para empoderar a individuos y equipos, fomentando la creatividad, la colaboraci\u00f3n y el crecimiento.<\/h3>\n\n\n\n<div style=\"height:47px\" aria-hidden=\"true\" class=\"wp-block-spacer\"><\/div>\n\n\n\n<h3 class=\"wp-block-heading\">La formaci\u00f3n es una herramienta poderosa que ayuda a individuos y grupos a alcanzar sus objetivos de manera m\u00e1s efectiva y eficiente. Bajo la gu\u00eda de un facilitador experto, las reuniones, sesiones de construcci\u00f3n de equipos y clases de formaci\u00f3n pueden lograr resultados que de otra manera no ser\u00edan posibles. Sin facilitaci\u00f3n, los participantes en grupos a menudo carecen de las habilidades, el permiso y el apoyo necesarios para navegar efectivamente por sus procesos de trabajo.<\/h3>\n\n\n\n<div style=\"height:52px\" aria-hidden=\"true\" class=\"wp-block-spacer\"><\/div>\n\n\n\n<h3 class=\"wp-block-heading\">Nos especializamos en el desarrollo y facilitaci\u00f3n de talleres, seminarios y sesiones de coaching de grupo personalizados para satisfacer sus necesidades espec\u00edficas.<\/h3>\n\n\n\n<div style=\"height:37px\" aria-hidden=\"true\" class=\"wp-block-spacer\"><\/div>\n\n\n\n<h3 class=\"wp-block-heading\">Si est\u00e1 buscando alejarse de las presiones del d\u00eda a d\u00eda en la oficina, podemos facilitar consultas, grupos de enfoque, reuniones de planificaci\u00f3n, revisiones de procesos o retiros. Aprovechando las habilidades y la experiencia de Isabel como coach y facilitadora de aprendizaje, fomentamos el pensamiento creativo y productivo, y el trabajo en equipo en un ambiente de apoyo.<\/h3>\n\n\n\n<div style=\"height:36px\" aria-hidden=\"true\" class=\"wp-block-spacer\"><\/div>\n\n\n\n<h3 class=\"wp-block-heading\">Nuestro enfoque de aprendizaje se centra en la creencia de que los participantes son inherentemente creativos y recursos, y no requieren un formato estrictamente basado en conferencias. En su lugar, creamos un espacio de aprendizaje centrado en el estudiante que tiene en cuenta las diversas experiencias y conocimientos que aportan los participantes. Al permitirles dirigir su propia experiencia de aprendizaje, generamos una mayor aceptaci\u00f3n, lo que lleva a resultados de aprendizaje m\u00e1s sostenibles.<\/h3>\n\n\n\n<div style=\"height:41px\" aria-hidden=\"true\" class=\"wp-block-spacer\"><\/div>\n\n\n\n<h3 class=\"wp-block-heading\">Como sabiamente dijo Confucio: \"Dime, y olvidar\u00e9. Ens\u00e9\u00f1ame, y recordar\u00e9. Invol\u00facrame, y entender\u00e9.\"<\/h3>\n\n\n\n<div style=\"height:37px\" aria-hidden=\"true\" class=\"wp-block-spacer\"><\/div>\n\n\n\n<h3 class=\"wp-block-heading\">Adem\u00e1s de la facilitaci\u00f3n, tambi\u00e9n proporcionamos servicios de mediaci\u00f3n y creamos condiciones para conversaciones constructivas y colaborativas.<\/h3>\n\n\n\n<div style=\"height:60px\" aria-hidden=\"true\" class=\"wp-block-spacer\"><\/div>\n\n\n\n<h2 class=\"wp-block-heading\"><strong>\u00bfPor qu\u00e9 elegir nuestros servicios?<\/strong><\/h2>\n\n\n\n<h3 class=\"wp-block-heading\">La facilitaci\u00f3n es m\u00e1s que guiar una reuni\u00f3n; se trata de crear un ambiente donde las ideas florezcan y los equipos prosperen. Aqu\u00ed te dejamos algunas razones para elegir nuestros servicios: <\/h3>\n\n\n\n<h3 class=\"wp-block-heading\"><strong>1. Enfoque personalizado:<\/strong> Adaptamos nuestros talleres, seminarios y sesiones de coaching de grupo para satisfacer tus necesidades y objetivos \u00fanicos. <\/h3>\n\n\n\n<h3 class=\"wp-block-heading\"><strong>2. Aprendizaje experiencial:<\/strong> Nuestro enfoque centrado en el participante garantiza una participaci\u00f3n activa, lo que conduce a un aprendizaje m\u00e1s profundo y resultados duraderos. <\/h3>\n\n\n\n<h3 class=\"wp-block-heading\"><strong>3. Competencia y experiencia: <\/strong>Con a\u00f1os de experiencia como coach y facilitadora de aprendizaje, Isabel Valle aporta experiencia y perspicacia a cada sesi\u00f3n.<\/h3>\n\n\n\n<div style=\"height:36px\" aria-hidden=\"true\" class=\"wp-block-spacer\"><\/div>\n\n\n<div class=\"wp-block-image\">\n<figure class=\"aligncenter size-large is-resized\"><img data-recalc-dims=\"1\" decoding=\"async\" width=\"640\" height=\"360\" src=\"https:\/\/i0.wp.com\/isabelvalle.com\/wp-content\/uploads\/2024\/07\/Facilitation-recognition.png?resize=640%2C360&#038;ssl=1\" alt=\"\" class=\"wp-image-3241\" style=\"width:1235px;height:auto\" srcset=\"https:\/\/i0.wp.com\/isabelvalle.com\/wp-content\/uploads\/2024\/07\/Facilitation-recognition.png?resize=1024%2C576&amp;ssl=1 1024w, https:\/\/i0.wp.com\/isabelvalle.com\/wp-content\/uploads\/2024\/07\/Facilitation-recognition.png?resize=533%2C300&amp;ssl=1 533w, https:\/\/i0.wp.com\/isabelvalle.com\/wp-content\/uploads\/2024\/07\/Facilitation-recognition.png?resize=768%2C432&amp;ssl=1 768w, https:\/\/i0.wp.com\/isabelvalle.com\/wp-content\/uploads\/2024\/07\/Facilitation-recognition.png?resize=1536%2C864&amp;ssl=1 1536w, https:\/\/i0.wp.com\/isabelvalle.com\/wp-content\/uploads\/2024\/07\/Facilitation-recognition.png?resize=18%2C10&amp;ssl=1 18w, https:\/\/i0.wp.com\/isabelvalle.com\/wp-content\/uploads\/2024\/07\/Facilitation-recognition.png?w=1920&amp;ssl=1 1920w, https:\/\/i0.wp.com\/isabelvalle.com\/wp-content\/uploads\/2024\/07\/Facilitation-recognition.png?w=1280&amp;ssl=1 1280w\" sizes=\"(max-width: 640px) 100vw, 640px\" \/><\/figure>\n<\/div>\n\n\n<div style=\"height:48px\" aria-hidden=\"true\" class=\"wp-block-spacer\"><\/div>\n\n\n\n<h2 class=\"wp-block-heading\"><strong>Lo que ofrecemos<\/strong><\/h2>\n\n\n\n<h3 class=\"wp-block-heading\">\u27a1\ufe0e <strong>Desarrollo de Liderazgo:<\/strong> Equipa a tus gerentes y l\u00edderes con las habilidades necesarias para inspirar y liderar eficazmente. <\/h3>\n\n\n\n<h3 class=\"wp-block-heading\"><strong>\u27a1\ufe0e Mujeres en el liderazgo:<\/strong> Empodera a las l\u00edderes femeninas con programas especializados dise\u00f1ados para abordar sus desaf\u00edos y oportunidades \u00fanicos. <\/h3>\n\n\n\n<h3 class=\"wp-block-heading\"><strong>\u27a1\ufe0e L\u00edder como Coach: <\/strong>Transforma a tus l\u00edderes en coaches que empoderan a sus equipos para alcanzar su m\u00e1ximo potencial. Nuestro programa de L\u00edder como Coach ense\u00f1a a los l\u00edderes habilidades y t\u00e9cnicas de coaching para apoyar el crecimiento y desarrollo de sus miembros del equipo. <\/h3>\n\n\n\n<h3 class=\"wp-block-heading\"><strong>\u27a1\ufe0e<\/strong> <strong>Creaci\u00f3n de una Cultura de Coaching:<\/strong> Fomenta una cultura de coaching dentro de tu organizaci\u00f3n, donde los empleados en todos los niveles aprendan a apoyarse y empoderarse mutuamente. Nuestros talleres ofrecen estrategias y t\u00e9cnicas pr\u00e1cticas para crear una cultura de excelencia en el coaching. <\/h3>\n\n\n\n<h3 class=\"wp-block-heading\"><strong>\u27a1\ufe0e Personal Branding:<\/strong> Ayuda a los l\u00edderes a construir su marca personal y mejorar su influencia e impacto. <\/h3>\n\n\n\n<h3 class=\"wp-block-heading\"><strong>\u27a1\ufe0e Gesti\u00f3n del tiempo y productividad:<\/strong> Equipa a tu equipo con estrategias para gestionar el tiempo y las prioridades de manera efectiva y aumentar la productividad. <\/h3>\n\n\n\n<h3 class=\"wp-block-heading\"><strong>\u27a1\ufe0e Equipos de Alto Rendimiento:<\/strong> Desarrolla estrategias para construir y mantener equipos de alto rendimiento que logren resultados excepcionales. <\/h3>\n\n\n\n<h3 class=\"wp-block-heading\"><strong>\u27a1\ufe0e Oratoria:<\/strong> Mejora las habilidades de comunicaci\u00f3n de tu equipo y su confianza en la oratoria p\u00fablica, lo que les permite realizar presentaciones impactantes.<\/h3>\n\n\n\n<div style=\"height:39px\" aria-hidden=\"true\" class=\"wp-block-spacer\"><\/div>\n\n\n\n<h3 class=\"wp-block-heading\"><strong>Cont\u00e1ctanos<\/strong><\/h3>\n\n\n\n<h3 class=\"wp-block-heading\">\u00bfListo para desbloquear el potencial de tu equipo? Cont\u00e1ctanos hoy mismo para discutir c\u00f3mo nuestros servicios de formaci\u00f3n y facilitaci\u00f3n pueden beneficiar a tu organizaci\u00f3n.<\/h3>\n\n\n\n<h3 class=\"wp-block-heading\">Tel\u00e9fono: +34 681 943 319<br>Correo electr\u00f3nico: <a>contact@isabelvalle.com<\/a><\/h3>\n\n\n\n<h3 class=\"wp-block-heading has-text-align-center\"><a class=\"maxbutton-1 maxbutton maxbutton-let-s-start-a-conversation\" target=\"_blank\" rel=\"noopener\" href=\"https:\/\/isabelvalle.com\/es\/contact-me\/\"><span class='mb-text'>EMPECEMOS UNA CONVERSACI\u00d3N<\/span><\/a><\/h3>\n\n\n\n<p><\/p>\n\n\n\n<p>\"Querida Isabel,<\/p>\n\n\n\n<p>Quiero aprovechar esta oportunidad para agradecerte por tu aporte y contribuci\u00f3n al Retiro de Direcci\u00f3n de MTCD. Proporcionaste ideas muy valiosas y has brindado a mi equipo bastante material para reflexionar sobre c\u00f3mo navegar el cambio, pero lo m\u00e1s importante es que el cambio no es un evento, sino una parte intr\u00ednseca de la gesti\u00f3n y es necesario si queremos que nuestros equipos crezcan y sigan siendo relevantes. Recib\u00ed muchos comentarios positivos y, lo que es m\u00e1s importante, fue realmente genial ver c\u00f3mo el equipo integraba lo que presentaste en sus contribuciones a sus respectivos planes de trabajo e iniciativas clave que tienen que abordar este a\u00f1o. Hubo mucho enfoque en las personas y en el desarrollo de capacidades, lo cual resuena con mi constante mantra de asegurarme de que no dejemos a nadie en la plataforma.&nbsp;&nbsp;<\/p>\n\n\n\n<p>Una vez m\u00e1s, Isabel, muchas gracias y tambi\u00e9n por estar disponible con tan poco tiempo de antelaci\u00f3n. Tanto yo como el equipo nos beneficiamos mucho de tu aporte.<\/p>\n\n\n\n<p><strong>Ms Lakhoo-Verbeek<\/strong>| Director |<\/p>\n\n\n\n<p><\/p>\n\n\n\n<p>Agencia Internacional de Energ\u00eda At\u00f3mica, Viena<\/p>\n\n\n\n<!-- Begin Mailchimp Signup Form -->\n<link href=\"\/\/cdn-images.mailchimp.com\/embedcode\/slim-10_7.css\" rel=\"stylesheet\" type=\"text\/css\">\n<style type=\"text\/css\">\n\t#mc_embed_signup{background:#fff; clear:left; font:14px Helvetica,Arial,sans-serif; }\n\t\/* Add your own Mailchimp form style overrides in your site stylesheet or in this style block.\n\t   We recommend moving this block and the preceding CSS link to the HEAD of your HTML file. *\/\n<\/style>\n<div id=\"mc_embed_signup\">\n<form action=\"https:\/\/isabelvalle.us20.list-manage.com\/subscribe\/post?u=f52b5fd0fc77380d70ba973f5&amp;id=3ff2f76418\" method=\"post\" id=\"mc-embedded-subscribe-form\" name=\"mc-embedded-subscribe-form\" class=\"validate\" target=\"_blank\" novalidate=\"\">\n    <div id=\"mc_embed_signup_scroll\">\n\t<label for=\"mce-EMAIL\">Subscribe to receive articles and resources that I only share with my subscribers!<\/label>\n\t<input type=\"email\" value=\"\" name=\"EMAIL\" class=\"email\" id=\"mce-EMAIL\" placeholder=\"email address\" required=\"\">\n    <!-- real people should not fill this in and expect good things - do not remove this or risk form bot signups-->\n    <div style=\"position: absolute; left: -5000px;\" aria-hidden=\"true\"><input type=\"text\" name=\"b_f52b5fd0fc77380d70ba973f5_3ff2f76418\" tabindex=\"-1\" value=\"\"><\/div>\n    <div class=\"clear\"><input type=\"submit\" value=\"Subscribe\" name=\"subscribe\" id=\"mc-embedded-subscribe\" class=\"button\"><\/div>\n    <\/div>\n<\/form>\n<\/div>\n\n<!--End mc_embed_signup-->\n\n\n\n<div class=\"wp-block-group is-vertical is-layout-flex wp-container-core-group-is-layout-8cf370e7 wp-block-group-is-layout-flex\"><\/div>\n\n\n\n<div class=\"wp-block-group is-vertical is-layout-flex wp-container-core-group-is-layout-8cf370e7 wp-block-group-is-layout-flex\"><\/div>\n\n\n\n<div class=\"wp-block-group is-vertical is-layout-flex wp-container-core-group-is-layout-8cf370e7 wp-block-group-is-layout-flex\"><\/div>\n\n\n\n<div class=\"wp-block-group is-vertical is-layout-flex wp-container-core-group-is-layout-8cf370e7 wp-block-group-is-layout-flex\"><\/div>\n\n\n\n<div class=\"wp-block-group is-vertical is-layout-flex wp-container-core-group-is-layout-8cf370e7 wp-block-group-is-layout-flex\"><\/div>\n\n\n\n<div class=\"wp-block-group is-vertical is-layout-flex wp-container-core-group-is-layout-8cf370e7 wp-block-group-is-layout-flex\"><\/div>\n\n\n\n<div class=\"wp-block-group is-vertical is-layout-flex wp-container-core-group-is-layout-8cf370e7 wp-block-group-is-layout-flex\"><\/div>\n\n\n\n<div class=\"wp-block-group is-vertical is-layout-flex wp-container-core-group-is-layout-8cf370e7 wp-block-group-is-layout-flex\"><\/div>\n\n\n\n<div class=\"wp-block-group is-vertical is-layout-flex wp-container-core-group-is-layout-8cf370e7 wp-block-group-is-layout-flex\"><\/div>\n\n\n\n<div class=\"wp-block-group is-vertical is-layout-flex wp-container-core-group-is-layout-8cf370e7 wp-block-group-is-layout-flex\"><\/div>","protected":false},"excerpt":{"rendered":"<p>At Isabel Valle, we believe in the power of facilitation to drive meaningful change and achieve collective goals. Our training and facilitation services are designed to empower individuals and teams, fostering creativity, collaboration, and growth. Facilitation is a powerful tool that helps individuals and groups achieve their goals more effectively and efficiently. Under the guidance<\/p>\n<p><a class=\"excerpt-more blog-excerpt\" href=\"https:\/\/isabelvalle.com\/es\/training-and-facilitation-services-bangkok-thailand-global\/\">Leer m\u00e1s&#8230;<\/a><\/p>","protected":false},"author":1,"featured_media":0,"parent":0,"menu_order":0,"comment_status":"closed","ping_status":"closed","template":"","meta":{"om_disable_all_campaigns":false,"_monsterinsights_skip_tracking":false,"_monsterinsights_sitenote_active":false,"_monsterinsights_sitenote_note":"","_monsterinsights_sitenote_category":0,"_uf_show_specific_survey":0,"_uf_disable_surveys":false,"footnotes":""},"class_list":["post-410","page","type-page","status-publish","hentry"],"aioseo_notices":[],"yoast_head":"<!-- This site is optimized with the Yoast SEO plugin v27.4 - https:\/\/yoast.com\/product\/yoast-seo-wordpress\/ -->\n<title>TRAINING AND FACILITATION &#8211; Empowering Leaders and Teams to Thrive<\/title>\n<meta name=\"description\" content=\"Proffesional Training and Leadership Development for High Performing Leaders and Teams. Personalized Corporate Training and Facilitation services. Speaking Engagements.\" \/>\n<meta name=\"robots\" content=\"index, follow, max-snippet:-1, max-image-preview:large, max-video-preview:-1\" \/>\n<link rel=\"canonical\" href=\"https:\/\/isabelvalle.com\/es\/training-and-facilitation-services-bangkok-thailand-global\/\" \/>\n<meta property=\"og:locale\" content=\"es_ES\" \/>\n<meta property=\"og:type\" content=\"article\" \/>\n<meta property=\"og:title\" content=\"TRAINING AND FACILITATION &#8211; Empowering Leaders and Teams to Thrive\" \/>\n<meta property=\"og:description\" content=\"Proffesional Training and Leadership Development for High Performing Leaders and Teams. Personalized Corporate Training and Facilitation services. Speaking Engagements.\" \/>\n<meta property=\"og:url\" content=\"https:\/\/isabelvalle.com\/es\/training-and-facilitation-services-bangkok-thailand-global\/\" \/>\n<meta property=\"og:site_name\" content=\"Empowering Leaders and Teams to Thrive\" \/>\n<meta property=\"article:modified_time\" content=\"2024-07-10T16:37:38+00:00\" \/>\n<meta property=\"og:image\" content=\"https:\/\/isabelvalle.com\/wp-content\/uploads\/2024\/04\/training-facilitation-1-1024x576.png\" \/>\n<meta name=\"twitter:card\" content=\"summary_large_image\" \/>\n<meta name=\"twitter:label1\" content=\"Tiempo de lectura\" \/>\n\t<meta name=\"twitter:data1\" content=\"4 minutos\" \/>\n<script type=\"application\/ld+json\" class=\"yoast-schema-graph\">{\"@context\":\"https:\\\/\\\/schema.org\",\"@graph\":[{\"@type\":\"WebPage\",\"@id\":\"https:\\\/\\\/isabelvalle.com\\\/es\\\/training-and-facilitation-services-bangkok-thailand-global\\\/\",\"url\":\"https:\\\/\\\/isabelvalle.com\\\/es\\\/training-and-facilitation-services-bangkok-thailand-global\\\/\",\"name\":\"TRAINING AND FACILITATION &#8211; Empowering Leaders and Teams to Thrive\",\"isPartOf\":{\"@id\":\"https:\\\/\\\/isabelvalle.com\\\/#website\"},\"primaryImageOfPage\":{\"@id\":\"https:\\\/\\\/isabelvalle.com\\\/es\\\/training-and-facilitation-services-bangkok-thailand-global\\\/#primaryimage\"},\"image\":{\"@id\":\"https:\\\/\\\/isabelvalle.com\\\/es\\\/training-and-facilitation-services-bangkok-thailand-global\\\/#primaryimage\"},\"thumbnailUrl\":\"https:\\\/\\\/isabelvalle.com\\\/wp-content\\\/uploads\\\/2024\\\/04\\\/training-facilitation-1-1024x576.png\",\"datePublished\":\"2014-09-22T03:51:48+00:00\",\"dateModified\":\"2024-07-10T16:37:38+00:00\",\"description\":\"Proffesional Training and Leadership Development for High Performing Leaders and Teams. Personalized Corporate Training and Facilitation services. Speaking Engagements.\",\"breadcrumb\":{\"@id\":\"https:\\\/\\\/isabelvalle.com\\\/es\\\/training-and-facilitation-services-bangkok-thailand-global\\\/#breadcrumb\"},\"inLanguage\":\"es\",\"potentialAction\":[{\"@type\":\"ReadAction\",\"target\":[\"https:\\\/\\\/isabelvalle.com\\\/es\\\/training-and-facilitation-services-bangkok-thailand-global\\\/\"]}]},{\"@type\":\"ImageObject\",\"inLanguage\":\"es\",\"@id\":\"https:\\\/\\\/isabelvalle.com\\\/es\\\/training-and-facilitation-services-bangkok-thailand-global\\\/#primaryimage\",\"url\":\"https:\\\/\\\/isabelvalle.com\\\/wp-content\\\/uploads\\\/2024\\\/04\\\/training-facilitation-1-1024x576.png\",\"contentUrl\":\"https:\\\/\\\/isabelvalle.com\\\/wp-content\\\/uploads\\\/2024\\\/04\\\/training-facilitation-1-1024x576.png\"},{\"@type\":\"BreadcrumbList\",\"@id\":\"https:\\\/\\\/isabelvalle.com\\\/es\\\/training-and-facilitation-services-bangkok-thailand-global\\\/#breadcrumb\",\"itemListElement\":[{\"@type\":\"ListItem\",\"position\":1,\"name\":\"Home\",\"item\":\"https:\\\/\\\/isabelvalle.com\\\/\"},{\"@type\":\"ListItem\",\"position\":2,\"name\":\"TRAINING AND FACILITATION\"}]},{\"@type\":\"WebSite\",\"@id\":\"https:\\\/\\\/isabelvalle.com\\\/#website\",\"url\":\"https:\\\/\\\/isabelvalle.com\\\/\",\"name\":\"Empowering Leaders and Teams to Thrive\",\"description\":\"Global Executive Coaching, Team Coaching, Corporate Training and Public Speaking Services\",\"publisher\":{\"@id\":\"https:\\\/\\\/isabelvalle.com\\\/#\\\/schema\\\/person\\\/aa23741f3d5fa3f3ce67870b3cac8ff0\"},\"potentialAction\":[{\"@type\":\"SearchAction\",\"target\":{\"@type\":\"EntryPoint\",\"urlTemplate\":\"https:\\\/\\\/isabelvalle.com\\\/?s={search_term_string}\"},\"query-input\":{\"@type\":\"PropertyValueSpecification\",\"valueRequired\":true,\"valueName\":\"search_term_string\"}}],\"inLanguage\":\"es\"},{\"@type\":[\"Person\",\"Organization\"],\"@id\":\"https:\\\/\\\/isabelvalle.com\\\/#\\\/schema\\\/person\\\/aa23741f3d5fa3f3ce67870b3cac8ff0\",\"name\":\"admin\",\"image\":{\"@type\":\"ImageObject\",\"inLanguage\":\"es\",\"@id\":\"https:\\\/\\\/secure.gravatar.com\\\/avatar\\\/94bfe413abbb27b08e43c3e5a97f8366ee0cc26948ee0ef1913b5baa6c83eff7?s=96&d=mm&r=g\",\"url\":\"https:\\\/\\\/secure.gravatar.com\\\/avatar\\\/94bfe413abbb27b08e43c3e5a97f8366ee0cc26948ee0ef1913b5baa6c83eff7?s=96&d=mm&r=g\",\"contentUrl\":\"https:\\\/\\\/secure.gravatar.com\\\/avatar\\\/94bfe413abbb27b08e43c3e5a97f8366ee0cc26948ee0ef1913b5baa6c83eff7?s=96&d=mm&r=g\",\"caption\":\"admin\"},\"logo\":{\"@id\":\"https:\\\/\\\/secure.gravatar.com\\\/avatar\\\/94bfe413abbb27b08e43c3e5a97f8366ee0cc26948ee0ef1913b5baa6c83eff7?s=96&d=mm&r=g\"},\"description\":\"Global Coach Coaching for Leadership, for Growth, for Success\",\"sameAs\":[\"http:\\\/\\\/www.isabelvalle.com\"]}]}<\/script>\n<!-- \/ Yoast SEO plugin. -->","yoast_head_json":{"title":"TRAINING AND FACILITATION &#8211; Empowering Leaders and Teams to Thrive","description":"Proffesional Training and Leadership Development for High Performing Leaders and Teams. Personalized Corporate Training and Facilitation services. Speaking Engagements.","robots":{"index":"index","follow":"follow","max-snippet":"max-snippet:-1","max-image-preview":"max-image-preview:large","max-video-preview":"max-video-preview:-1"},"canonical":"https:\/\/isabelvalle.com\/es\/training-and-facilitation-services-bangkok-thailand-global\/","og_locale":"es_ES","og_type":"article","og_title":"TRAINING AND FACILITATION &#8211; Empowering Leaders and Teams to Thrive","og_description":"Proffesional Training and Leadership Development for High Performing Leaders and Teams. Personalized Corporate Training and Facilitation services. Speaking Engagements.","og_url":"https:\/\/isabelvalle.com\/es\/training-and-facilitation-services-bangkok-thailand-global\/","og_site_name":"Empowering Leaders and Teams to Thrive","article_modified_time":"2024-07-10T16:37:38+00:00","og_image":[{"url":"https:\/\/isabelvalle.com\/wp-content\/uploads\/2024\/04\/training-facilitation-1-1024x576.png","type":"","width":"","height":""}],"twitter_card":"summary_large_image","twitter_misc":{"Tiempo de lectura":"4 minutos"},"schema":{"@context":"https:\/\/schema.org","@graph":[{"@type":"WebPage","@id":"https:\/\/isabelvalle.com\/es\/training-and-facilitation-services-bangkok-thailand-global\/","url":"https:\/\/isabelvalle.com\/es\/training-and-facilitation-services-bangkok-thailand-global\/","name":"TRAINING AND FACILITATION &#8211; Empowering Leaders and Teams to Thrive","isPartOf":{"@id":"https:\/\/isabelvalle.com\/#website"},"primaryImageOfPage":{"@id":"https:\/\/isabelvalle.com\/es\/training-and-facilitation-services-bangkok-thailand-global\/#primaryimage"},"image":{"@id":"https:\/\/isabelvalle.com\/es\/training-and-facilitation-services-bangkok-thailand-global\/#primaryimage"},"thumbnailUrl":"https:\/\/isabelvalle.com\/wp-content\/uploads\/2024\/04\/training-facilitation-1-1024x576.png","datePublished":"2014-09-22T03:51:48+00:00","dateModified":"2024-07-10T16:37:38+00:00","description":"Proffesional Training and Leadership Development for High Performing Leaders and Teams. Personalized Corporate Training and Facilitation services. Speaking Engagements.","breadcrumb":{"@id":"https:\/\/isabelvalle.com\/es\/training-and-facilitation-services-bangkok-thailand-global\/#breadcrumb"},"inLanguage":"es","potentialAction":[{"@type":"ReadAction","target":["https:\/\/isabelvalle.com\/es\/training-and-facilitation-services-bangkok-thailand-global\/"]}]},{"@type":"ImageObject","inLanguage":"es","@id":"https:\/\/isabelvalle.com\/es\/training-and-facilitation-services-bangkok-thailand-global\/#primaryimage","url":"https:\/\/isabelvalle.com\/wp-content\/uploads\/2024\/04\/training-facilitation-1-1024x576.png","contentUrl":"https:\/\/isabelvalle.com\/wp-content\/uploads\/2024\/04\/training-facilitation-1-1024x576.png"},{"@type":"BreadcrumbList","@id":"https:\/\/isabelvalle.com\/es\/training-and-facilitation-services-bangkok-thailand-global\/#breadcrumb","itemListElement":[{"@type":"ListItem","position":1,"name":"Home","item":"https:\/\/isabelvalle.com\/"},{"@type":"ListItem","position":2,"name":"TRAINING AND FACILITATION"}]},{"@type":"WebSite","@id":"https:\/\/isabelvalle.com\/#website","url":"https:\/\/isabelvalle.com\/","name":"Empowering Leaders and Teams to Thrive","description":"Global Executive Coaching, Team Coaching, Corporate Training and Public Speaking Services","publisher":{"@id":"https:\/\/isabelvalle.com\/#\/schema\/person\/aa23741f3d5fa3f3ce67870b3cac8ff0"},"potentialAction":[{"@type":"SearchAction","target":{"@type":"EntryPoint","urlTemplate":"https:\/\/isabelvalle.com\/?s={search_term_string}"},"query-input":{"@type":"PropertyValueSpecification","valueRequired":true,"valueName":"search_term_string"}}],"inLanguage":"es"},{"@type":["Person","Organization"],"@id":"https:\/\/isabelvalle.com\/#\/schema\/person\/aa23741f3d5fa3f3ce67870b3cac8ff0","name":"admin","image":{"@type":"ImageObject","inLanguage":"es","@id":"https:\/\/secure.gravatar.com\/avatar\/94bfe413abbb27b08e43c3e5a97f8366ee0cc26948ee0ef1913b5baa6c83eff7?s=96&d=mm&r=g","url":"https:\/\/secure.gravatar.com\/avatar\/94bfe413abbb27b08e43c3e5a97f8366ee0cc26948ee0ef1913b5baa6c83eff7?s=96&d=mm&r=g","contentUrl":"https:\/\/secure.gravatar.com\/avatar\/94bfe413abbb27b08e43c3e5a97f8366ee0cc26948ee0ef1913b5baa6c83eff7?s=96&d=mm&r=g","caption":"admin"},"logo":{"@id":"https:\/\/secure.gravatar.com\/avatar\/94bfe413abbb27b08e43c3e5a97f8366ee0cc26948ee0ef1913b5baa6c83eff7?s=96&d=mm&r=g"},"description":"Global Coach Coaching for Leadership, for Growth, for Success","sameAs":["http:\/\/www.isabelvalle.com"]}]}},"jetpack_sharing_enabled":true,"_links":{"self":[{"href":"https:\/\/isabelvalle.com\/es\/wp-json\/wp\/v2\/pages\/410","targetHints":{"allow":["GET"]}}],"collection":[{"href":"https:\/\/isabelvalle.com\/es\/wp-json\/wp\/v2\/pages"}],"about":[{"href":"https:\/\/isabelvalle.com\/es\/wp-json\/wp\/v2\/types\/page"}],"author":[{"embeddable":true,"href":"https:\/\/isabelvalle.com\/es\/wp-json\/wp\/v2\/users\/1"}],"replies":[{"embeddable":true,"href":"https:\/\/isabelvalle.com\/es\/wp-json\/wp\/v2\/comments?post=410"}],"version-history":[{"count":55,"href":"https:\/\/isabelvalle.com\/es\/wp-json\/wp\/v2\/pages\/410\/revisions"}],"predecessor-version":[{"id":3245,"href":"https:\/\/isabelvalle.com\/es\/wp-json\/wp\/v2\/pages\/410\/revisions\/3245"}],"wp:attachment":[{"href":"https:\/\/isabelvalle.com\/es\/wp-json\/wp\/v2\/media?parent=410"}],"curies":[{"name":"wp","href":"https:\/\/api.w.org\/{rel}","templated":true}]}}