{"id":2296,"date":"2022-03-22T10:24:39","date_gmt":"2022-03-22T10:24:39","guid":{"rendered":"https:\/\/isabelvalle.com\/?page_id=2296"},"modified":"2022-03-22T11:07:14","modified_gmt":"2022-03-22T11:07:14","slug":"privacy-policy","status":"publish","type":"page","link":"https:\/\/isabelvalle.com\/es\/privacy-policy\/","title":{"rendered":"Pol\u00edtica de Privacidad"},"content":{"rendered":"<h2>Pol\u00edtica de Privacidad<\/h2>\n<p>Tu privacidad es importante para nosotros. Es pol\u00edtica de Isabel Valle respetar tu privacidad y cumplir con cualquier ley y regulaci\u00f3n aplicable con respecto a cualquier informaci\u00f3n personal que podamos recopilar sobre ti, incluida nuestra p\u00e1gina web, https:\/\/www.isabelvalle.com, y otros sitios que poseemos y operamos.&nbsp;<a href=\"https:\/\/isabelvalle.com\/es\/\">https:\/\/www.isabelvalle.com<\/a>, and other sites we own and operate.<\/p>\n<p>Esta pol\u00edtica es efectiva a partir del 17 de marzo de 2022 y fue actualizada por \u00faltima vez el 17 de marzo de 2022.<\/p>\n<h3>Informaci\u00f3n que Recopilamos<\/h3>\n<p>La informaci\u00f3n que recopilamos incluye tanto la informaci\u00f3n que nos proporcionas de manera consciente y activa al utilizar o participar en cualquiera de nuestros servicios y promociones, como la informaci\u00f3n enviada autom\u00e1ticamente por tus dispositivos al acceder a nuestros productos y servicios.<\/p>\n<h4>Datos de Registro<\/h4>\n<p>Cuando visitas nuestro sitio web, nuestros servidores pueden registrar autom\u00e1ticamente los datos est\u00e1ndar proporcionados por tu navegador web. Esto puede incluir la direcci\u00f3n de Protocolo de Internet (IP) de tu dispositivo, el tipo y versi\u00f3n de tu navegador, las p\u00e1ginas que visitas, la hora y fecha de tu visita, el tiempo que pasas en cada p\u00e1gina, otros detalles sobre tu visita y detalles t\u00e9cnicos que ocurran en conjunto con cualquier error que puedas encontrar.<\/p>\n<p>Ten en cuenta que, si bien esta informaci\u00f3n por s\u00ed sola puede no identificar personalmente, es posible combinarla con otros datos para identificar personalmente a individuos.<\/p>\n<h4>Informaci\u00f3n Personal<\/h4>\n<p>Podemos solicitar informaci\u00f3n personal que puede incluir uno o m\u00e1s de los siguientes:<\/p>\n<ul>\n<li>Nombre<\/li>\n<li>Correo<\/li>\n<li>Tel\u00e9fono<\/li>\n<li>Direcci\u00f3n<\/li>\n<\/ul>\n<h4>Razones Leg\u00edtimas para Procesar tu Informaci\u00f3n Personal<\/h4>\n<p>Solo recopilamos y utilizamos tu informaci\u00f3n personal cuando tenemos un motivo leg\u00edtimo para hacerlo. En este caso, solo recopilamos informaci\u00f3n personal que sea razonablemente necesaria para proporcionarte nuestros servicios.<\/p>\n<h4>Recopilaci\u00f3n y Uso de la Informaci\u00f3n<\/h4>\n<p>Puede que recopilemos informaci\u00f3n personal de ti cuando realices cualquiera de las siguientes acciones en nuestro sitio web:<\/p>\n<ul>\n<li>Registrarte para recibir actualizaciones de nosotros a trav\u00e9s de correo electr\u00f3nico o canales de redes sociales.<\/li>\n<li>Usar un dispositivo m\u00f3vil o navegador web para acceder a nuestro contenido.<\/li>\n<li>Contactarnos por correo electr\u00f3nico, redes sociales o mediante cualquier tecnolog\u00eda similar.<\/li>\n<li>Cuando nos mencionas en redes sociales.<\/li>\n<\/ul>\n<p>Puede que recopilemos, retengamos, utilicemos y divulguemos informaci\u00f3n para los siguientes fines, y la informaci\u00f3n personal no se procesar\u00e1 de manera adicional de manera incompatible con estos prop\u00f3sitos:<\/p>\n<ul>\n<li>para publicidad y marketing, incluido el env\u00edo de informaci\u00f3n promocional sobre nuestros productos y servicios, as\u00ed como informaci\u00f3n sobre terceros que consideramos puede ser de tu inter\u00e9s.<\/li>\n<\/ul>\n<p>Tenga en cuenta que podemos combinar la informaci\u00f3n que recopilamos sobre usted con informaci\u00f3n general o datos de investigaci\u00f3n que recibimos de otras fuentes confiables.<\/p>\n<h4>Seguridad de tu Informaci\u00f3n Personal<\/h4>\n<p>Cuando recopilamos y procesamos informaci\u00f3n personal, y mientras conservamos esta informaci\u00f3n, la protegeremos mediante medios comercialmente aceptables para evitar p\u00e9rdidas y robos, as\u00ed como el acceso no autorizado, la divulgaci\u00f3n, copia, uso o modificaci\u00f3n.<\/p>\n<p>Aunque haremos nuestro mejor esfuerzo para proteger la informaci\u00f3n personal que nos proporciones, te recomendamos que ning\u00fan m\u00e9todo de transmisi\u00f3n o almacenamiento electr\u00f3nico es 100% seguro, y nadie puede garantizar una seguridad absoluta de los datos. Cumpliremos con las leyes aplicables en caso de cualquier violaci\u00f3n de datos.<\/p>\n<p>Eres responsable de elegir cualquier contrase\u00f1a y su fuerza de seguridad general, garantizando la seguridad de tu propia informaci\u00f3n dentro de los l\u00edmites de nuestros servicios.<\/p>\n<h4>Cu\u00e1nto Tiempo Conservamos tu Informaci\u00f3n Personal<\/h4>\n<p>Conservamos tu informaci\u00f3n personal solo durante el tiempo necesario. Este periodo puede depender del prop\u00f3sito para el cual estamos utilizando tu informaci\u00f3n, de acuerdo con esta pol\u00edtica de privacidad. Si ya no se requiere tu informaci\u00f3n personal, la eliminaremos o la haremos an\u00f3nima eliminando todos los detalles que te identifiquen.<\/p>\n<p>Sin embargo, si es necesario, podemos retener tu informaci\u00f3n personal para cumplir con una obligaci\u00f3n legal, contable o de informes, o con fines de archivo en inter\u00e9s p\u00fablico, investigaci\u00f3n cient\u00edfica o hist\u00f3rica, o fines estad\u00edsticos.<\/p>\n<h3>Privacidad de Ni\u00f1os<\/h3>\n<p>No dirigimos ninguno de nuestros productos o servicios directamente a ni\u00f1os menores de 13 a\u00f1os, y no recopilamos conscientemente informaci\u00f3n personal sobre ni\u00f1os menores de 13 a\u00f1os.<\/p>\n<h3>Transferencias Internacionales de Informaci\u00f3n Personal<\/h3>\n<p>La informaci\u00f3n personal que recopilamos se almacena y\/o procesa en lugares donde nosotros o nuestros socios, afiliados y proveedores de servicios de terceros tienen instalaciones. Ten en cuenta que los lugares a los que almacenamos, procesamos o transferimos tu informaci\u00f3n personal pueden no tener las mismas leyes de protecci\u00f3n de datos que el pa\u00eds en el que proporcionaste inicialmente la informaci\u00f3n. Si transferimos tu informaci\u00f3n personal a terceros en otros pa\u00edses: (i) realizaremos esas transferencias de acuerdo con los requisitos de la ley aplicable; y (ii) protegeremos la informaci\u00f3n personal transferida de acuerdo con esta pol\u00edtica de privacidad.<\/p>\n<h3>Tus Derechos y el Control de tu Informaci\u00f3n Personal<\/h3>\n<p>Siempre conservas el derecho de retener informaci\u00f3n personal de nosotros, con la comprensi\u00f3n de que tu experiencia en nuestro sitio web puede verse afectada. No discriminaremos en tu contra por ejercer cualquiera de tus derechos sobre tu informaci\u00f3n personal. Si nos proporcionas informaci\u00f3n personal, comprendes que la recopilaremos, retendremos, utilizaremos y divulgaremos de acuerdo con esta pol\u00edtica de privacidad. Conservas el derecho de solicitar detalles sobre cualquier informaci\u00f3n personal que tengamos sobre ti.<\/p>\n<p>Si recibimos informaci\u00f3n personal sobre ti de un tercero, la protegeremos seg\u00fan se establece en esta pol\u00edtica de privacidad. Si eres un tercero que proporciona informaci\u00f3n personal sobre otra persona, declaras y garantizas que tienes el consentimiento de esa persona para proporcionarnos la informaci\u00f3n personal.<\/p>\n<p>Si previamente aceptaste que utilicemos tu informaci\u00f3n personal con fines de marketing directo, puedes cambiar de opini\u00f3n en cualquier momento. Te proporcionaremos la posibilidad de cancelar la suscripci\u00f3n a nuestra base de datos de correo electr\u00f3nico u optar por no recibir comunicaciones. Ten en cuenta que es posible que necesitemos solicitar informaci\u00f3n espec\u00edfica para ayudarnos a confirmar tu identidad.<\/p>\n<p>Si crees que alguna informaci\u00f3n que tenemos sobre ti es inexacta, est\u00e1 desactualizada, incompleta, irrelevante o enga\u00f1osa, por favor cont\u00e1ctanos utilizando los detalles proporcionados en esta pol\u00edtica de privacidad. Tomaremos medidas razonables para corregir cualquier informaci\u00f3n que se encuentre inexacta, incompleta, enga\u00f1osa o desactualizada.<\/p>\n<p>Si consideras que hemos violado alguna ley relevante de protecci\u00f3n de datos y deseas presentar una queja, por favor cont\u00e1ctanos utilizando los detalles a continuaci\u00f3n y proporci\u00f3nanos todos los detalles de la presunta violaci\u00f3n. Investigaremos tu queja de manera r\u00e1pida y te responderemos por escrito, detallando el resultado de nuestra investigaci\u00f3n y las medidas que tomaremos para abordar tu queja. Tambi\u00e9n tienes el derecho de ponerte en contacto con un organismo regulador o autoridad de protecci\u00f3n de datos en relaci\u00f3n con tu queja.<\/p>\n<h3>L\u00edmites de Nuestra Pol\u00edtica<\/h3>\n<p>Nuestro sitio web puede enlazar a sitios externos que no son operados por nosotros. Ten en cuenta que no tenemos control sobre el contenido y las pol\u00edticas de esos sitios, y no podemos aceptar responsabilidad por sus pr\u00e1cticas de privacidad respectivas.<\/p>\n<h3>Cambios a Esta Pol\u00edtica<\/h3>\n<p>A nuestra discreci\u00f3n, podemos cambiar nuestra pol\u00edtica de privacidad para reflejar actualizaciones en nuestros procesos comerciales, pr\u00e1cticas aceptables actuales o cambios legislativos o regulatorios. Si decidimos cambiar esta pol\u00edtica de privacidad, publicaremos los cambios aqu\u00ed en el mismo enlace por el cual est\u00e1s accediendo a esta pol\u00edtica de privacidad.<\/p>\n<p>Si la ley lo requiere, obtendremos tu permiso o te brindaremos la oportunidad de optar por participar o no, seg\u00fan corresponda, en cualquier nuevo uso de tu informaci\u00f3n personal.<\/p>\n<h3>Cont\u00e1ctanos<\/h3>\n<p>Para cualquier pregunta o inquietud relacionada con tu privacidad, puedes contactarnos utilizando la siguiente informaci\u00f3n:<\/p>\n<p>Isabel Valle<br \/>\ncontact@isabelvalle.com<\/p>","protected":false},"excerpt":{"rendered":"<p>Privacy Policy Your privacy is important to us. It is Isabel Valle&#8217;s policy to respect your privacy and comply with any applicable law and regulation regarding any personal information we may collect about you, including across our website,&nbsp;https:\/\/www.isabelvalle.com, and other sites we own and operate. This policy is effective as of 17 March 2022 and<\/p>\n<p><a class=\"excerpt-more blog-excerpt\" href=\"https:\/\/isabelvalle.com\/es\/privacy-policy\/\">Leer m\u00e1s&#8230;<\/a><\/p>","protected":false},"author":1,"featured_media":0,"parent":0,"menu_order":0,"comment_status":"closed","ping_status":"closed","template":"templates\/full-width-page.php","meta":{"om_disable_all_campaigns":false,"_monsterinsights_skip_tracking":false,"_monsterinsights_sitenote_active":false,"_monsterinsights_sitenote_note":"","_monsterinsights_sitenote_category":0,"_uf_show_specific_survey":0,"_uf_disable_surveys":false,"footnotes":""},"class_list":["post-2296","page","type-page","status-publish","hentry"],"aioseo_notices":[],"yoast_head":"<!-- This site is optimized with the Yoast SEO plugin v27.4 - https:\/\/yoast.com\/product\/yoast-seo-wordpress\/ -->\n<title>Privacy Policy &#8211; Empowering Leaders and Teams to Thrive<\/title>\n<meta name=\"robots\" content=\"index, follow, max-snippet:-1, max-image-preview:large, max-video-preview:-1\" \/>\n<link rel=\"canonical\" href=\"https:\/\/isabelvalle.com\/es\/privacy-policy\/\" \/>\n<meta property=\"og:locale\" content=\"es_ES\" \/>\n<meta property=\"og:type\" content=\"article\" \/>\n<meta property=\"og:title\" content=\"Privacy Policy &#8211; Empowering Leaders and Teams to Thrive\" \/>\n<meta property=\"og:description\" content=\"Privacy Policy Your privacy is important to us. It is Isabel Valle&#8217;s policy to respect your privacy and comply with any applicable law and regulation regarding any personal information we may collect about you, including across our website,&nbsp;https:\/\/www.isabelvalle.com, and other sites we own and operate. This policy is effective as of 17 March 2022 andLeer m\u00e1s...\" \/>\n<meta property=\"og:url\" content=\"https:\/\/isabelvalle.com\/es\/privacy-policy\/\" \/>\n<meta property=\"og:site_name\" content=\"Empowering Leaders and Teams to Thrive\" \/>\n<meta property=\"article:modified_time\" content=\"2022-03-22T11:07:14+00:00\" \/>\n<meta name=\"twitter:card\" content=\"summary_large_image\" \/>\n<meta name=\"twitter:label1\" content=\"Tiempo de lectura\" \/>\n\t<meta name=\"twitter:data1\" content=\"6 minutos\" \/>\n<script type=\"application\/ld+json\" class=\"yoast-schema-graph\">{\"@context\":\"https:\\\/\\\/schema.org\",\"@graph\":[{\"@type\":\"WebPage\",\"@id\":\"https:\\\/\\\/isabelvalle.com\\\/privacy-policy\\\/\",\"url\":\"https:\\\/\\\/isabelvalle.com\\\/privacy-policy\\\/\",\"name\":\"Privacy Policy &#8211; Empowering Leaders and Teams to Thrive\",\"isPartOf\":{\"@id\":\"https:\\\/\\\/isabelvalle.com\\\/#website\"},\"datePublished\":\"2022-03-22T10:24:39+00:00\",\"dateModified\":\"2022-03-22T11:07:14+00:00\",\"breadcrumb\":{\"@id\":\"https:\\\/\\\/isabelvalle.com\\\/privacy-policy\\\/#breadcrumb\"},\"inLanguage\":\"es\",\"potentialAction\":[{\"@type\":\"ReadAction\",\"target\":[\"https:\\\/\\\/isabelvalle.com\\\/privacy-policy\\\/\"]}]},{\"@type\":\"BreadcrumbList\",\"@id\":\"https:\\\/\\\/isabelvalle.com\\\/privacy-policy\\\/#breadcrumb\",\"itemListElement\":[{\"@type\":\"ListItem\",\"position\":1,\"name\":\"Home\",\"item\":\"https:\\\/\\\/isabelvalle.com\\\/\"},{\"@type\":\"ListItem\",\"position\":2,\"name\":\"Privacy Policy\"}]},{\"@type\":\"WebSite\",\"@id\":\"https:\\\/\\\/isabelvalle.com\\\/#website\",\"url\":\"https:\\\/\\\/isabelvalle.com\\\/\",\"name\":\"Empowering Leaders and Teams to Thrive\",\"description\":\"Global Executive Coaching, Team Coaching, Corporate Training and Public Speaking Services\",\"publisher\":{\"@id\":\"https:\\\/\\\/isabelvalle.com\\\/#\\\/schema\\\/person\\\/aa23741f3d5fa3f3ce67870b3cac8ff0\"},\"potentialAction\":[{\"@type\":\"SearchAction\",\"target\":{\"@type\":\"EntryPoint\",\"urlTemplate\":\"https:\\\/\\\/isabelvalle.com\\\/?s={search_term_string}\"},\"query-input\":{\"@type\":\"PropertyValueSpecification\",\"valueRequired\":true,\"valueName\":\"search_term_string\"}}],\"inLanguage\":\"es\"},{\"@type\":[\"Person\",\"Organization\"],\"@id\":\"https:\\\/\\\/isabelvalle.com\\\/#\\\/schema\\\/person\\\/aa23741f3d5fa3f3ce67870b3cac8ff0\",\"name\":\"admin\",\"image\":{\"@type\":\"ImageObject\",\"inLanguage\":\"es\",\"@id\":\"https:\\\/\\\/secure.gravatar.com\\\/avatar\\\/94bfe413abbb27b08e43c3e5a97f8366ee0cc26948ee0ef1913b5baa6c83eff7?s=96&d=mm&r=g\",\"url\":\"https:\\\/\\\/secure.gravatar.com\\\/avatar\\\/94bfe413abbb27b08e43c3e5a97f8366ee0cc26948ee0ef1913b5baa6c83eff7?s=96&d=mm&r=g\",\"contentUrl\":\"https:\\\/\\\/secure.gravatar.com\\\/avatar\\\/94bfe413abbb27b08e43c3e5a97f8366ee0cc26948ee0ef1913b5baa6c83eff7?s=96&d=mm&r=g\",\"caption\":\"admin\"},\"logo\":{\"@id\":\"https:\\\/\\\/secure.gravatar.com\\\/avatar\\\/94bfe413abbb27b08e43c3e5a97f8366ee0cc26948ee0ef1913b5baa6c83eff7?s=96&d=mm&r=g\"},\"description\":\"Global Coach Coaching for Leadership, for Growth, for Success\",\"sameAs\":[\"http:\\\/\\\/www.isabelvalle.com\"]}]}<\/script>\n<!-- \/ Yoast SEO plugin. -->","yoast_head_json":{"title":"Privacy Policy &#8211; Empowering Leaders and Teams to Thrive","robots":{"index":"index","follow":"follow","max-snippet":"max-snippet:-1","max-image-preview":"max-image-preview:large","max-video-preview":"max-video-preview:-1"},"canonical":"https:\/\/isabelvalle.com\/es\/privacy-policy\/","og_locale":"es_ES","og_type":"article","og_title":"Privacy Policy &#8211; Empowering Leaders and Teams to Thrive","og_description":"Privacy Policy Your privacy is important to us. It is Isabel Valle&#8217;s policy to respect your privacy and comply with any applicable law and regulation regarding any personal information we may collect about you, including across our website,&nbsp;https:\/\/www.isabelvalle.com, and other sites we own and operate. This policy is effective as of 17 March 2022 andLeer m\u00e1s...","og_url":"https:\/\/isabelvalle.com\/es\/privacy-policy\/","og_site_name":"Empowering Leaders and Teams to Thrive","article_modified_time":"2022-03-22T11:07:14+00:00","twitter_card":"summary_large_image","twitter_misc":{"Tiempo de lectura":"6 minutos"},"schema":{"@context":"https:\/\/schema.org","@graph":[{"@type":"WebPage","@id":"https:\/\/isabelvalle.com\/privacy-policy\/","url":"https:\/\/isabelvalle.com\/privacy-policy\/","name":"Privacy Policy &#8211; Empowering Leaders and Teams to Thrive","isPartOf":{"@id":"https:\/\/isabelvalle.com\/#website"},"datePublished":"2022-03-22T10:24:39+00:00","dateModified":"2022-03-22T11:07:14+00:00","breadcrumb":{"@id":"https:\/\/isabelvalle.com\/privacy-policy\/#breadcrumb"},"inLanguage":"es","potentialAction":[{"@type":"ReadAction","target":["https:\/\/isabelvalle.com\/privacy-policy\/"]}]},{"@type":"BreadcrumbList","@id":"https:\/\/isabelvalle.com\/privacy-policy\/#breadcrumb","itemListElement":[{"@type":"ListItem","position":1,"name":"Home","item":"https:\/\/isabelvalle.com\/"},{"@type":"ListItem","position":2,"name":"Privacy Policy"}]},{"@type":"WebSite","@id":"https:\/\/isabelvalle.com\/#website","url":"https:\/\/isabelvalle.com\/","name":"Empowering Leaders and Teams to Thrive","description":"Global Executive Coaching, Team Coaching, Corporate Training and Public Speaking Services","publisher":{"@id":"https:\/\/isabelvalle.com\/#\/schema\/person\/aa23741f3d5fa3f3ce67870b3cac8ff0"},"potentialAction":[{"@type":"SearchAction","target":{"@type":"EntryPoint","urlTemplate":"https:\/\/isabelvalle.com\/?s={search_term_string}"},"query-input":{"@type":"PropertyValueSpecification","valueRequired":true,"valueName":"search_term_string"}}],"inLanguage":"es"},{"@type":["Person","Organization"],"@id":"https:\/\/isabelvalle.com\/#\/schema\/person\/aa23741f3d5fa3f3ce67870b3cac8ff0","name":"admin","image":{"@type":"ImageObject","inLanguage":"es","@id":"https:\/\/secure.gravatar.com\/avatar\/94bfe413abbb27b08e43c3e5a97f8366ee0cc26948ee0ef1913b5baa6c83eff7?s=96&d=mm&r=g","url":"https:\/\/secure.gravatar.com\/avatar\/94bfe413abbb27b08e43c3e5a97f8366ee0cc26948ee0ef1913b5baa6c83eff7?s=96&d=mm&r=g","contentUrl":"https:\/\/secure.gravatar.com\/avatar\/94bfe413abbb27b08e43c3e5a97f8366ee0cc26948ee0ef1913b5baa6c83eff7?s=96&d=mm&r=g","caption":"admin"},"logo":{"@id":"https:\/\/secure.gravatar.com\/avatar\/94bfe413abbb27b08e43c3e5a97f8366ee0cc26948ee0ef1913b5baa6c83eff7?s=96&d=mm&r=g"},"description":"Global Coach Coaching for Leadership, for Growth, for Success","sameAs":["http:\/\/www.isabelvalle.com"]}]}},"jetpack_sharing_enabled":true,"_links":{"self":[{"href":"https:\/\/isabelvalle.com\/es\/wp-json\/wp\/v2\/pages\/2296","targetHints":{"allow":["GET"]}}],"collection":[{"href":"https:\/\/isabelvalle.com\/es\/wp-json\/wp\/v2\/pages"}],"about":[{"href":"https:\/\/isabelvalle.com\/es\/wp-json\/wp\/v2\/types\/page"}],"author":[{"embeddable":true,"href":"https:\/\/isabelvalle.com\/es\/wp-json\/wp\/v2\/users\/1"}],"replies":[{"embeddable":true,"href":"https:\/\/isabelvalle.com\/es\/wp-json\/wp\/v2\/comments?post=2296"}],"version-history":[{"count":2,"href":"https:\/\/isabelvalle.com\/es\/wp-json\/wp\/v2\/pages\/2296\/revisions"}],"predecessor-version":[{"id":2304,"href":"https:\/\/isabelvalle.com\/es\/wp-json\/wp\/v2\/pages\/2296\/revisions\/2304"}],"wp:attachment":[{"href":"https:\/\/isabelvalle.com\/es\/wp-json\/wp\/v2\/media?parent=2296"}],"curies":[{"name":"wp","href":"https:\/\/api.w.org\/{rel}","templated":true}]}}